{"id":1745,"date":"2019-03-28T16:24:07","date_gmt":"2019-03-28T16:24:07","guid":{"rendered":"https:\/\/certumbusinessconsulting.com\/kontakt\/"},"modified":"2022-04-26T10:34:46","modified_gmt":"2022-04-26T10:34:46","slug":"kontakt","status":"publish","type":"page","link":"https:\/\/certumbusinessconsulting.com\/de\/kontakt\/","title":{"rendered":"Kontakt"},"content":{"rendered":"<p>[et_pb_section fb_built=&#8220;1&#8243; specialty=&#8220;on&#8220; padding_right_2=&#8220;5vw&#8220; padding_left_2=&#8220;5vw&#8220; padding_left_right_link_2=&#8220;true&#8220; admin_label=&#8220;Header&#8220; _builder_version=&#8220;4.16&#8243; background_image=&#8220;https:\/\/certumbusinessconsulting.com\/wp-content\/uploads\/2019\/02\/Credentials3-min.jpg&#8220; background_position=&#8220;top_center&#8220; module_alignment=&#8220;center&#8220; inner_width=&#8220;100%&#8220; inner_max_width=&#8220;100%&#8220; custom_margin=&#8220;||-20px&#8220; custom_margin_tablet=&#8220;0px||&#8220; custom_margin_phone=&#8220;&#8220; custom_margin_last_edited=&#8220;on|tablet&#8220; custom_padding=&#8220;0||184px||false|false&#8220; border_color_all=&#8220;#ffffff&#8220; use_custom_width=&#8220;on&#8220; width_unit=&#8220;off&#8220; custom_width_percent=&#8220;100%&#8220; locked=&#8220;off&#8220; global_colors_info=&#8220;{}&#8220;][et_pb_column type=&#8220;1_2&#8243; _builder_version=&#8220;4.16&#8243; custom_padding=&#8220;|||&#8220; global_colors_info=&#8220;{}&#8220; parallax__hover=&#8220;off&#8220; parallax_method__hover=&#8220;on&#8220; custom_padding__hover=&#8220;|||&#8220;][\/et_pb_column][et_pb_column type=&#8220;1_2&#8243; specialty_columns=&#8220;2&#8243; _builder_version=&#8220;4.16&#8243; custom_padding=&#8220;|||&#8220; global_colors_info=&#8220;{}&#8220; padding_left__hover=&#8220;5vw&#8220; padding_right__hover=&#8220;5vw&#8220; parallax__hover=&#8220;off&#8220; parallax_method__hover=&#8220;on&#8220; custom_padding__hover=&#8220;|||&#8220;][\/et_pb_column][\/et_pb_section][et_pb_section fb_built=&#8220;1&#8243; specialty=&#8220;on&#8220; padding_top_2=&#8220;0px&#8220; padding_left_1=&#8220;0px&#8220; _builder_version=&#8220;4.16&#8243; inner_width=&#8220;100%&#8220; inner_max_width=&#8220;100%&#8220; custom_margin=&#8220;20px||&#8220; custom_margin_tablet=&#8220;||-52px|&#8220; custom_margin_phone=&#8220;||-52px&#8220; custom_margin_last_edited=&#8220;on|tablet&#8220; custom_padding=&#8220;0px|||&#8220; use_custom_width=&#8220;on&#8220; width_unit=&#8220;off&#8220; custom_width_percent=&#8220;100%&#8220; global_colors_info=&#8220;{}&#8220;][et_pb_column type=&#8220;2_3&#8243; specialty_columns=&#8220;2&#8243; _builder_version=&#8220;4.16&#8243; custom_padding=&#8220;|||&#8220; global_colors_info=&#8220;{}&#8220; custom_padding__hover=&#8220;|||&#8220;][et_pb_row_inner column_structure=&#8220;1_2,1_2&#8243; _builder_version=&#8220;4.16&#8243; module_alignment=&#8220;center&#8220; custom_margin=&#8220;20px|||0px&#8220; custom_padding=&#8220;0px|0px|27px|45px|false|false&#8220; border_color_all=&#8220;rgba(0,0,0,0)&#8220; global_colors_info=&#8220;{}&#8220;][et_pb_column_inner type=&#8220;1_2&#8243; saved_specialty_column_type=&#8220;2_3&#8243; _builder_version=&#8220;4.16&#8243; background_color=&#8220;rgba(0,0,0,0)&#8220; custom_padding=&#8220;15px|92px||&#8220; global_colors_info=&#8220;{}&#8220; custom_padding__hover=&#8220;|||&#8220;][et_pb_text admin_label=&#8220;Contact&#8220; _builder_version=&#8220;4.16&#8243; header_font=&#8220;||||||||&#8220; header_2_font=&#8220;Open Sans|600|||||||&#8220; header_2_text_color=&#8220;rgba(0,0,0,0.61)&#8220; header_2_font_size=&#8220;18px&#8220; header_3_font=&#8220;Open Sans||||||||&#8220; header_3_text_color=&#8220;rgba(0,0,0,0.6)&#8220; custom_margin=&#8220;||5px&#8220; custom_padding=&#8220;||0px&#8220; locked=&#8220;off&#8220; global_colors_info=&#8220;{}&#8220;]<\/p>\n<h2>Kontakt<\/h2>\n<p>[\/et_pb_text][et_pb_text _builder_version=&#8220;4.16&#8243; header_font=&#8220;||||||||&#8220; header_4_font=&#8220;Open Sans|600|||||||&#8220; header_4_text_color=&#8220;rgba(0,0,0,0.6)&#8220; custom_margin=&#8220;0px||&#8220; locked=&#8220;off&#8220; global_colors_info=&#8220;{}&#8220;]<\/p>\n<p>Wir treffen uns gerne kostenlos f\u00fcr 1-2 Stunden mit Ihnen, um Ihr Unternehmen und dessen M\u00f6glichkeiten zu besprechen. F\u00fcr eine Terminverabredung oder f\u00fcr weitere Informationen \u00fcber unsere Beratungsleistungen nehmen Sie bitte mit uns Kontakt auf.<\/p>\n<p>Email: <a href=\"mailto:info@certumbusinessconsulting.com\">info@certumbusinessconsulting.com<\/a> or<\/p>\n<p>Email: <a href=\"mailto:info@greenparkpartners.com\">info@greenparkpartners.com<\/a><\/p>\n<p>oder telefonisch<\/p>\n<p>Tel: +45 40 188 154 or +44 (0)20 3289 8154<\/p>\n<p>[\/et_pb_text][\/et_pb_column_inner][et_pb_column_inner type=&#8220;1_2&#8243; saved_specialty_column_type=&#8220;2_3&#8243; _builder_version=&#8220;4.16&#8243; custom_padding=&#8220;15px|||0px&#8220; global_colors_info=&#8220;{}&#8220; custom_padding__hover=&#8220;|||&#8220;][et_pb_text _builder_version=&#8220;4.16&#8243; header_font=&#8220;||||||||&#8220; header_2_font=&#8220;Open Sans|600|||||||&#8220; header_2_text_color=&#8220;rgba(0,0,0,0.61)&#8220; header_2_font_size=&#8220;18px&#8220; header_3_font=&#8220;Open Sans||||||||&#8220; header_3_text_color=&#8220;rgba(0,0,0,0.6)&#8220; custom_margin=&#8220;||0px&#8220; custom_padding=&#8220;||5px&#8220; locked=&#8220;off&#8220; global_colors_info=&#8220;{}&#8220;]<\/p>\n<h2>Gesch\u00e4ftsadresse<\/h2>\n<p>[\/et_pb_text][et_pb_text _builder_version=&#8220;4.16&#8243; header_font=&#8220;||||||||&#8220; header_2_font=&#8220;Open Sans|600|||||||&#8220; header_2_text_color=&#8220;rgba(0,0,0,0.61)&#8220; header_3_font=&#8220;Open Sans||||||||&#8220; header_3_text_color=&#8220;rgba(0,0,0,0.6)&#8220; custom_margin=&#8220;0px||&#8220; custom_margin_tablet=&#8220;&#8220; custom_margin_phone=&#8220;|20px||&#8220; custom_margin_last_edited=&#8220;on|tablet&#8220; custom_padding=&#8220;0px||&#8220; locked=&#8220;off&#8220; global_colors_info=&#8220;{}&#8220;]Certum Business Consulting ApS &#8211; Green Park Partners \/ Associate Office<br \/>\nEhlersvej 11<br \/>\nDK-2900 Hellerup<br \/>\nKopenhagen<br \/>\nDenmark<br \/>\nCvr. no. 34083894[\/et_pb_text][\/et_pb_column_inner][\/et_pb_row_inner][\/et_pb_column][et_pb_column type=&#8220;1_3&#8243; _builder_version=&#8220;4.16&#8243; custom_padding=&#8220;|||&#8220; global_colors_info=&#8220;{}&#8220; custom_padding__hover=&#8220;|||&#8220;][et_pb_text admin_label=&#8220;Formidable&#8220; _builder_version=&#8220;4.16&#8243; header_font=&#8220;||||||||&#8220; header_2_font=&#8220;Open Sans|700|||||||&#8220; header_2_text_color=&#8220;#ffffff&#8220; header_2_line_height=&#8220;0.4em&#8220; background_color=&#8220;#065f9e&#8220; custom_margin=&#8220;|||&#8220; custom_padding=&#8220;29px|41px|0px|48px&#8220; hover_transition_delay=&#8220;100ms&#8220; global_colors_info=&#8220;{}&#8220;]<\/p>\n<h2>Rufen Sie mich zur\u00fcck<\/h2>\n<p><div class=\"frm_forms  with_frm_style frm_style_formidable-style\" id=\"frm_form_7_container\" >\n<form enctype=\"multipart\/form-data\" method=\"post\" class=\"frm-show-form \" id=\"form_contact-form22\" >\n<div class=\"frm_form_fields \">\n<fieldset>\n<legend class=\"frm_screen_reader\">Rufen Sie mich zur\u00fcck - German<\/legend>\r\n\r\n<div class=\"frm_fields_container\">\n<input type=\"hidden\" name=\"frm_action\" value=\"create\" \/>\n<input type=\"hidden\" name=\"form_id\" value=\"7\" \/>\n<input type=\"hidden\" name=\"frm_hide_fields_7\" id=\"frm_hide_fields_7\" value=\"\" \/>\n<input type=\"hidden\" name=\"form_key\" value=\"contact-form22\" \/>\n<input type=\"hidden\" name=\"item_meta[0]\" value=\"\" \/>\n<input type=\"hidden\" id=\"frm_submit_entry_7\" name=\"frm_submit_entry_7\" value=\"dd410eba1b\" \/><input type=\"hidden\" name=\"_wp_http_referer\" value=\"\/de\/wp-json\/wp\/v2\/pages\/1745\" \/><div id=\"frm_field_74_container\" class=\"frm_form_field form-field  frm_required_field frm_inside_container\">\r\n    <label for=\"field_ocfup13\" class=\"frm_primary_label\">Name*\r\n        <span class=\"frm_required\"><\/span>\r\n    <\/label>\r\n    <input type=\"text\" id=\"field_ocfup13\" name=\"item_meta[74]\" value=\"\"  data-reqmsg=\"Name* cannot be blank.\" aria-required=\"true\" data-invmsg=\"Last is invalid\" aria-invalid=\"false\"  \/>\r\n    \r\n    \r\n<\/div>\n<div id=\"frm_field_75_container\" class=\"frm_form_field form-field  frm_required_field frm_inside_container\">\r\n    <label for=\"field_qh4icy3\" class=\"frm_primary_label\">Firma*\r\n        <span class=\"frm_required\"><\/span>\r\n    <\/label>\r\n    <input type=\"text\" id=\"field_qh4icy3\" name=\"item_meta[75]\" value=\"\"  data-reqmsg=\"Firma* cannot be blank.\" aria-required=\"true\" data-invmsg=\"Name is invalid\" aria-invalid=\"false\"  \/>\r\n    \r\n    \r\n<\/div>\n<div id=\"frm_field_76_container\" class=\"frm_form_field form-field  frm_required_field frm_inside_container\">\r\n    <label for=\"field_6ye0b3\" id=\"field_6ye0b3_label\" class=\"frm_primary_label\">Telefon*\r\n        <span class=\"frm_required\">*<\/span>\r\n    <\/label>\r\n    <input type=\"tel\" id=\"field_6ye0b3\" name=\"item_meta[76]\" value=\"\"  data-reqmsg=\"Telefon* cannot be blank.\" aria-required=\"true\" data-invmsg=\"Phone is invalid\" aria-invalid=\"false\" pattern=\"((\\+\\d{1,3}(-|.| )?\\(?\\d\\)?(-| |.)?\\d{1,5})|(\\(?\\d{2,6}\\)?))(-|.| )?(\\d{3,4})(-|.| )?(\\d{4})(( x| ext)\\d{1,5}){0,1}$\"  \/>\r\n    \r\n    \r\n<\/div>\n<div id=\"frm_field_77_container\" class=\"frm_form_field form-field  frm_required_field frm_inside_container\">\r\n    <label for=\"field_8kq2o3\" class=\"frm_primary_label\">Email*\r\n        <span class=\"frm_required\"><\/span>\r\n    <\/label>\r\n    <input type=\"email\" id=\"field_8kq2o3\" name=\"item_meta[77]\" value=\"\"  data-reqmsg=\"Email* cannot be blank.\" aria-required=\"true\" data-invmsg=\"Please enter a valid email address\" aria-invalid=\"false\"  \/>\r\n    \r\n    \r\n<\/div>\n<div id=\"frm_field_78_container\" class=\"frm_form_field form-field  frm_required_field frm_inside_container frm_full\">\r\n    <label for=\"field_9jv0r13\" class=\"frm_primary_label\">Thema*\r\n        <span class=\"frm_required\"><\/span>\r\n    <\/label>\r\n    <textarea name=\"item_meta[78]\" id=\"field_9jv0r13\" rows=\"5\"  data-reqmsg=\"Thema* cannot be blank.\" aria-required=\"true\" data-invmsg=\"Thema* ist ung\u00fcltig\" aria-invalid=\"false\"  ><\/textarea>\r\n    \r\n    \r\n<\/div>\n\t<input type=\"hidden\" name=\"item_key\" value=\"\" \/>\n\t\t\t<div id=\"frm_field_82_container\">\n\t\t\t<label for=\"field_zgm59\" >\n\t\t\t\tFalls Du menschlich bist, lasse dieses Feld leer.\t\t\t<\/label>\n\t\t\t<input  id=\"field_zgm59\" type=\"text\" class=\"frm_form_field form-field frm_verify\" name=\"item_meta[82]\" value=\"\"  \/>\n\t\t<\/div>\n\t\t<input name=\"frm_state\" type=\"hidden\" value=\"3alAJPksnawxsjvruhuQcfNVaQLCEYyTie9HCCu+Fk4=\" \/><div class=\"frm_submit\">\r\n\r\n<button class=\"frm_button_submit\" type=\"submit\"  >Kontaktieren Sie mich<\/button>\r\n\r\n<\/div><\/div>\n<\/fieldset>\n<\/div>\n\n<p style=\"display: none !important;\" class=\"akismet-fields-container\" data-prefix=\"ak_\"><label>&#916;<textarea name=\"ak_hp_textarea\" cols=\"45\" rows=\"8\" maxlength=\"100\"><\/textarea><\/label><input type=\"hidden\" id=\"ak_js_1\" name=\"ak_js\" value=\"52\"\/><script>document.getElementById( \"ak_js_1\" ).setAttribute( \"value\", ( new Date() ).getTime() );<\/script><\/p><\/form>\n<\/div>\n[\/et_pb_text][\/et_pb_column][\/et_pb_section][et_pb_section fb_built=&#8220;1&#8243; specialty=&#8220;on&#8220; padding_right_2=&#8220;5vw&#8220; padding_left_2=&#8220;5vw&#8220; padding_left_right_link_2=&#8220;true&#8220; admin_label=&#8220;Header&#8220; _builder_version=&#8220;4.16&#8243; use_background_color_gradient=&#8220;on&#8220; background_color_gradient_stops=&#8220;rgba(39,45,55,0.55) 0%|rgba(39,45,55,0) 100%&#8220; background_color_gradient_overlays_image=&#8220;on&#8220; background_color_gradient_start=&#8220;rgba(39,45,55,0.55)&#8220; background_color_gradient_end=&#8220;rgba(39,45,55,0)&#8220; background_image=&#8220;https:\/\/certumbusinessconsulting.com\/wp-content\/uploads\/2019\/01\/Homepage-min.jpg&#8220; module_alignment=&#8220;center&#8220; inner_width=&#8220;100%&#8220; inner_max_width=&#8220;100%&#8220; custom_margin=&#8220;30px||&#8220; custom_margin_tablet=&#8220;0px||&#8220; custom_margin_phone=&#8220;&#8220; custom_margin_last_edited=&#8220;on|tablet&#8220; custom_padding=&#8220;0||148px||false|false&#8220; border_color_all=&#8220;#ffffff&#8220; use_custom_width=&#8220;on&#8220; width_unit=&#8220;off&#8220; custom_width_percent=&#8220;100%&#8220; locked=&#8220;off&#8220; global_colors_info=&#8220;{}&#8220;][et_pb_column type=&#8220;1_2&#8243; _builder_version=&#8220;4.16&#8243; custom_padding=&#8220;|||&#8220; global_colors_info=&#8220;{}&#8220; custom_padding__hover=&#8220;|||&#8220;][et_pb_text _builder_version=&#8220;4.16&#8243; text_font=&#8220;Open Sans|600|||||||&#8220; text_text_color=&#8220;#ffffff&#8220; text_line_height=&#8220;1.3em&#8220; header_font=&#8220;Open Sans|100|||||||&#8220; header_font_size=&#8220;5vw&#8220; header_line_height=&#8220;1.4em&#8220; header_4_font=&#8220;Open Sans||||||||&#8220; header_4_text_color=&#8220;#ffffff&#8220; header_4_font_size=&#8220;24px&#8220; header_5_font=&#8220;Open Sans||||||||&#8220; header_5_text_color=&#8220;rgba(255,255,255,0.49)&#8220; header_5_font_size=&#8220;14px&#8220; header_5_line_height=&#8220;2.3em&#8220; background_color=&#8220;#065f9e&#8220; module_alignment=&#8220;left&#8220; custom_margin=&#8220;94px||-60px|&#8220; custom_margin_tablet=&#8220;&#8220; custom_margin_phone=&#8220;&#8220; custom_margin_last_edited=&#8220;on|desktop&#8220; custom_padding=&#8220;17px|14px|1px|50px&#8220; custom_padding_tablet=&#8220;40px|5vw|40px|5vw|true|true&#8220; custom_padding_phone=&#8220;&#8220; custom_padding_last_edited=&#8220;on|desktop&#8220; header_font_size_tablet=&#8220;55px&#8220; header_font_size_phone=&#8220;35px&#8220; header_font_size_last_edited=&#8220;on|phone&#8220; header_4_font_size_tablet=&#8220;20px&#8220; header_4_font_size_phone=&#8220;18px&#8220; header_4_font_size_last_edited=&#8220;on|phone&#8220; locked=&#8220;off&#8220; global_colors_info=&#8220;{}&#8220;]<\/p>\n<h4>\u00dcber uns<\/h4>\n<p>Die Mission von Certum Business Consulting ist es \u201ceine qualitative Beratung zu leisten, die einen wesentlichen Wertzuwachs f\u00fcr unsere Kunden schafft.\u201d<\/p>\n<h5><a href=\"https:\/\/certumbusinessconsulting.com\/about\">Erfahren Sie mehr<\/a><\/h5>\n<p>[\/et_pb_text][\/et_pb_column][et_pb_column type=&#8220;1_2&#8243; specialty_columns=&#8220;2&#8243; _builder_version=&#8220;4.16&#8243; custom_padding=&#8220;|||&#8220; global_colors_info=&#8220;{}&#8220; custom_padding__hover=&#8220;|||&#8220;][\/et_pb_column][\/et_pb_section][et_pb_section fb_built=&#8220;1&#8243; _builder_version=&#8220;4.16&#8243; custom_padding=&#8220;0|0px|0|0px|false|false&#8220; locked=&#8220;off&#8220; global_colors_info=&#8220;{}&#8220; global_module=&#8220;2474&#8243; theme_builder_area=&#8220;post_content&#8220;][et_pb_row column_structure=&#8220;1_2,1_2&#8243; _builder_version=&#8220;4.16&#8243; width=&#8220;100%&#8220; max_width=&#8220;100%&#8220; custom_padding=&#8220;27px|17px|27px|0px|false|false&#8220; use_custom_width=&#8220;on&#8220; width_unit=&#8220;off&#8220; custom_width_percent=&#8220;100%&#8220; global_colors_info=&#8220;{}&#8220; theme_builder_area=&#8220;post_content&#8220;][et_pb_column type=&#8220;1_2&#8243; _builder_version=&#8220;4.16&#8243; custom_padding=&#8220;|||&#8220; global_colors_info=&#8220;{}&#8220; custom_padding__hover=&#8220;|||&#8220; theme_builder_area=&#8220;post_content&#8220;][et_pb_social_media_follow follow_button=&#8220;on&#8220; _builder_version=&#8220;4.16&#8243; text_orientation=&#8220;left&#8220; custom_margin=&#8220;24px||&#8220; custom_padding=&#8220;|||169px&#8220; custom_padding_tablet=&#8220;|||369px&#8220; custom_padding_phone=&#8220;|||209px&#8220; custom_padding_last_edited=&#8220;on|tablet&#8220; global_colors_info=&#8220;{}&#8220; theme_builder_area=&#8220;post_content&#8220;][et_pb_social_media_follow_network social_network=&#8220;linkedin&#8220; _builder_version=&#8220;4.16&#8243; background_color=&#8220;#065f9e&#8220; custom_margin=&#8220;||0px&#8220; custom_padding=&#8220;||0px&#8220; global_colors_info=&#8220;{}&#8220; theme_builder_area=&#8220;post_content&#8220; follow_button=&#8220;on&#8220; url_new_window=&#8220;on&#8220;]linkedin[\/et_pb_social_media_follow_network][\/et_pb_social_media_follow][\/et_pb_column][et_pb_column type=&#8220;1_2&#8243; _builder_version=&#8220;4.16&#8243; custom_padding=&#8220;|||&#8220; global_colors_info=&#8220;{}&#8220; custom_padding__hover=&#8220;|||&#8220; theme_builder_area=&#8220;post_content&#8220;][et_pb_image src=&#8220;https:\/\/certumbusinessconsulting.com\/wp-content\/uploads\/2019\/01\/logo.png&#8220; align=&#8220;right&#8220; _builder_version=&#8220;4.16&#8243; custom_margin=&#8220;||10px&#8220; custom_margin_tablet=&#8220;&#8220; custom_margin_phone=&#8220;&#8220; custom_margin_last_edited=&#8220;on|phone&#8220; custom_padding_tablet=&#8220;|53px||&#8220; custom_padding_phone=&#8220;|17px||&#8220; custom_padding_last_edited=&#8220;on|desktop&#8220; always_center_on_mobile=&#8220;off&#8220; global_colors_info=&#8220;{}&#8220; theme_builder_area=&#8220;post_content&#8220;][\/et_pb_image][et_pb_text _builder_version=&#8220;4.16&#8243; text_font=&#8220;Open Sans||||||||&#8220; text_text_color=&#8220;rgba(0,0,0,0.43)&#8220; text_orientation=&#8220;right&#8220; custom_margin=&#8220;||38px|-181px&#8220; custom_margin_tablet=&#8220;|||185px&#8220; custom_margin_phone=&#8220;|||55px&#8220; custom_margin_last_edited=&#8220;on|phone&#8220; custom_padding=&#8220;|16px||&#8220; custom_padding_tablet=&#8220;|65px||&#8220; custom_padding_phone=&#8220;|0px||0px&#8220; custom_padding_last_edited=&#8220;on|desktop&#8220; global_colors_info=&#8220;{}&#8220; theme_builder_area=&#8220;post_content&#8220;]<\/p>\n<p><a href=\"https:\/\/certumbusinessconsulting.com\/de\/\">Zuhause<\/a> | <a href=\"https:\/\/certumbusinessconsulting.com\/de\/unsere-beratungsleistungen\/\">Beratungsleistungen<\/a> | <a href=\"https:\/\/certumbusinessconsulting.com\/de\/uber-uns\/\">\u00dcber uns<\/a> | <a href=\"https:\/\/certumbusinessconsulting.com\/de\/referenzen\/\">Referenzen<\/a>| <a href=\"https:\/\/certumbusinessconsulting.com\/de\/kontakt\/\">Kontakt<\/a>| <a href=\"https:\/\/certumbusinessconsulting.com\/de\/juristische-haftungsbegrenzung\/\">Juristische Haftungsbegrenzung<\/a>| <a href=\"https:\/\/certumbusinessconsulting.com\/de\/vertraulichkeit\/\">Vertraulichkeit<\/a><\/p>\n<p>[\/et_pb_text][et_pb_text _builder_version=&#8220;4.17.3&#8243; text_font=&#8220;Open Sans||||||||&#8220; text_text_color=&#8220;rgba(0,0,0,0.22)&#8220; text_orientation=&#8220;right&#8220; custom_margin=&#8220;-31px||&#8220; custom_padding=&#8220;|14px||&#8220; custom_padding_tablet=&#8220;|65px||&#8220; custom_padding_phone=&#8220;|0px||55px&#8220; custom_padding_last_edited=&#8220;on|desktop&#8220; global_colors_info=&#8220;{}&#8220; theme_builder_area=&#8220;post_content&#8220;]<\/p>\n<p>Copyright \u00a9 2012-2022 Certum Business Consulting<\/p>\n<p>[\/et_pb_text][\/et_pb_column][\/et_pb_row][\/et_pb_section]<\/p>\n","protected":false},"excerpt":{"rendered":"<p>KontaktWir treffen uns gerne kostenlos f\u00fcr 1-2 Stunden mit Ihnen, um Ihr Unternehmen und dessen M\u00f6glichkeiten zu besprechen. F\u00fcr eine Terminverabredung oder f\u00fcr weitere Informationen \u00fcber unsere Beratungsleistungen nehmen Sie bitte mit uns Kontakt auf. Email: info@certumbusinessconsulting.com or Email: info@greenparkpartners.com oder telefonisch Tel: +45 40 188 154 or +44 (0)20 3289 8154Gesch\u00e4ftsadresseCertum Business Consulting ApS [&hellip;]<\/p>\n","protected":false},"author":1,"featured_media":0,"parent":0,"menu_order":0,"comment_status":"closed","ping_status":"closed","template":"","meta":{"_et_pb_use_builder":"on","_et_pb_old_content":"","_et_gb_content_width":"","footnotes":""},"class_list":["post-1745","page","type-page","status-publish","hentry"],"_links":{"self":[{"href":"https:\/\/certumbusinessconsulting.com\/de\/wp-json\/wp\/v2\/pages\/1745","targetHints":{"allow":["GET"]}}],"collection":[{"href":"https:\/\/certumbusinessconsulting.com\/de\/wp-json\/wp\/v2\/pages"}],"about":[{"href":"https:\/\/certumbusinessconsulting.com\/de\/wp-json\/wp\/v2\/types\/page"}],"author":[{"embeddable":true,"href":"https:\/\/certumbusinessconsulting.com\/de\/wp-json\/wp\/v2\/users\/1"}],"replies":[{"embeddable":true,"href":"https:\/\/certumbusinessconsulting.com\/de\/wp-json\/wp\/v2\/comments?post=1745"}],"version-history":[{"count":5,"href":"https:\/\/certumbusinessconsulting.com\/de\/wp-json\/wp\/v2\/pages\/1745\/revisions"}],"predecessor-version":[{"id":2483,"href":"https:\/\/certumbusinessconsulting.com\/de\/wp-json\/wp\/v2\/pages\/1745\/revisions\/2483"}],"wp:attachment":[{"href":"https:\/\/certumbusinessconsulting.com\/de\/wp-json\/wp\/v2\/media?parent=1745"}],"curies":[{"name":"wp","href":"https:\/\/api.w.org\/{rel}","templated":true}]}}