{"id":1956,"date":"2019-04-02T08:32:29","date_gmt":"2019-04-02T08:32:29","guid":{"rendered":"https:\/\/certumbusinessconsulting.com\/fortrolighed\/"},"modified":"2022-04-26T09:39:04","modified_gmt":"2022-04-26T09:39:04","slug":"fortrolighed","status":"publish","type":"page","link":"https:\/\/certumbusinessconsulting.com\/da\/fortrolighed\/","title":{"rendered":"Fortrolighed"},"content":{"rendered":"<p>[et_pb_section fb_built=&#8221;1&#8243; specialty=&#8221;on&#8221; padding_right_2=&#8221;5vw&#8221; padding_left_2=&#8221;5vw&#8221; padding_left_right_link_2=&#8221;true&#8221; admin_label=&#8221;Header&#8221; _builder_version=&#8221;4.16&#8243; background_image=&#8221;https:\/\/certumbusinessconsulting.com\/wp-content\/uploads\/2019\/02\/Credentials3-min.jpg&#8221; background_position=&#8221;top_left&#8221; module_alignment=&#8221;center&#8221; inner_width=&#8221;100%&#8221; inner_max_width=&#8221;100%&#8221; custom_margin=&#8221;||-20px&#8221; custom_margin_tablet=&#8221;0px||&#8221; custom_margin_phone=&#8221;&#8221; custom_margin_last_edited=&#8221;on|tablet&#8221; custom_padding=&#8221;0||184px||false|false&#8221; border_color_all=&#8221;#ffffff&#8221; use_custom_width=&#8221;on&#8221; width_unit=&#8221;off&#8221; custom_width_percent=&#8221;100%&#8221; locked=&#8221;off&#8221; global_colors_info=&#8221;{}&#8221;][et_pb_column type=&#8221;1_2&#8243; _builder_version=&#8221;4.16&#8243; custom_padding=&#8221;|||&#8221; global_colors_info=&#8221;{}&#8221; parallax__hover=&#8221;off&#8221; parallax_method__hover=&#8221;on&#8221; custom_padding__hover=&#8221;|||&#8221;][\/et_pb_column][et_pb_column type=&#8221;1_2&#8243; specialty_columns=&#8221;2&#8243; _builder_version=&#8221;4.16&#8243; custom_padding=&#8221;|||&#8221; global_colors_info=&#8221;{}&#8221; padding_left__hover=&#8221;5vw&#8221; padding_right__hover=&#8221;5vw&#8221; parallax__hover=&#8221;off&#8221; parallax_method__hover=&#8221;on&#8221; custom_padding__hover=&#8221;|||&#8221;][\/et_pb_column][\/et_pb_section][et_pb_section fb_built=&#8221;1&#8243; specialty=&#8221;on&#8221; padding_top_2=&#8221;0px&#8221; padding_left_1=&#8221;0px&#8221; _builder_version=&#8221;4.16&#8243; inner_width=&#8221;100%&#8221; inner_max_width=&#8221;100%&#8221; custom_margin=&#8221;20px||&#8221; custom_margin_tablet=&#8221;||-52px|&#8221; custom_margin_phone=&#8221;||-52px&#8221; custom_margin_last_edited=&#8221;on|tablet&#8221; custom_padding=&#8221;0px|||&#8221; use_custom_width=&#8221;on&#8221; width_unit=&#8221;off&#8221; custom_width_percent=&#8221;100%&#8221; global_colors_info=&#8221;{}&#8221;][et_pb_column type=&#8221;2_3&#8243; specialty_columns=&#8221;2&#8243; _builder_version=&#8221;4.16&#8243; custom_padding=&#8221;|||&#8221; global_colors_info=&#8221;{}&#8221; custom_padding__hover=&#8221;|||&#8221;][et_pb_row_inner _builder_version=&#8221;4.16&#8243; module_alignment=&#8221;center&#8221; custom_margin=&#8221;0px|||0px&#8221; custom_padding=&#8221;0px|0px|27px|45px|false|false&#8221; border_color_all=&#8221;rgba(0,0,0,0)&#8221; global_colors_info=&#8221;{}&#8221;][et_pb_column_inner saved_specialty_column_type=&#8221;2_3&#8243; _builder_version=&#8221;4.16&#8243; background_color=&#8221;rgba(0,0,0,0)&#8221; custom_padding=&#8221;24px|92px||&#8221; global_colors_info=&#8221;{}&#8221; custom_padding__hover=&#8221;|||&#8221;][et_pb_text _builder_version=&#8221;4.16&#8243; header_font=&#8221;||||||||&#8221; header_2_font=&#8221;Open Sans|600|||||||&#8221; header_2_text_color=&#8221;rgba(0,0,0,0.61)&#8221; header_2_font_size=&#8221;30px&#8221; header_3_font=&#8221;Open Sans||||||||&#8221; header_3_text_color=&#8221;rgba(0,0,0,0.6)&#8221; custom_margin=&#8221;||25px&#8221; global_colors_info=&#8221;{}&#8221;]<\/p>\n<h2>Privacy Policy<\/h2>\n<p>[\/et_pb_text][et_pb_text _builder_version=&#8221;4.16&#8243; header_font=&#8221;||||||||&#8221; header_4_font=&#8221;Open Sans|600|||||||&#8221; header_4_text_color=&#8221;rgba(0,0,0,0.6)&#8221; custom_margin=&#8221;-25px||&#8221; global_colors_info=&#8221;{}&#8221;]<\/p>\n<p>Persondata, der modtages af Certum Business Consulting, behandles fortroligt og bliver ikke i nogen form solgt, viderebragt eller videregivet til nogen tredjepart, medmindre det er kr\u00e6vet af lovgivningen.<\/p>\n<p>Certum Business Consulting anvender Google Analytics til analyse af trafikken p\u00e5 hjemmesiden med henblik p\u00e5 at forbedre og optimere denne. Tilsvarende andre serviceleverand\u00f8rer anvender Google Analytics cookies til at f\u00f8lge bes\u00f8gsaktivitet. I den forbindelse bliver en r\u00e6kke data, herunder IP adresser, operativsystem mm registreret af Google Analytics som grundlag for analyse af trafikken p\u00e5 hjemmesiden. Certum Business Consulting modtager alene anonymiserede analyser af trafikken p\u00e5 grundlag af disse data fra Google Analytics og har ikke adgang til de underliggende data. S\u00e5fremt en bruger ikke \u00f8nsker at have sin trafik registreret af Google Analytics generelt, s\u00e5 kan s\u00e5danne brugere downloade og installere et add on fra <a href=\"https:\/\/tools.google.com\/dlpage\/gaoptout\">Google Analytics Opt-out page<\/a>, der f\u00e5s til en r\u00e6kke forskellige browsere. For yderligere oplysninger om Google\u2019s privatlivspolitik og brug af cookies henvises til: <a href=\"http:\/\/www.google.dk\/intl\/en\/policies\/privacy\/\">http:\/\/www.google.dk\/intl\/da\/policies\/privacy\/<\/a><\/p>\n<p>Udover indirekte gennem brug af Google Analytics anvender Certum Business Consulting ikke cookies til at f\u00f8lge bes\u00f8gsaktivitet.<\/p>\n<p>[\/et_pb_text][\/et_pb_column_inner][\/et_pb_row_inner][\/et_pb_column][et_pb_column type=&#8221;1_3&#8243; _builder_version=&#8221;4.16&#8243; custom_padding=&#8221;|||&#8221; global_colors_info=&#8221;{}&#8221; custom_padding__hover=&#8221;|||&#8221;][et_pb_text admin_label=&#8221;Formidable&#8221; _builder_version=&#8221;4.16&#8243; header_font=&#8221;||||||||&#8221; header_2_font=&#8221;Open Sans|700|||||||&#8221; header_2_text_color=&#8221;#ffffff&#8221; header_2_line_height=&#8221;0.4em&#8221; background_color=&#8221;#065f9e&#8221; custom_margin=&#8221;|||&#8221; custom_padding=&#8221;29px|41px|0px|48px&#8221; hover_transition_delay=&#8221;100ms&#8221; global_colors_info=&#8221;{}&#8221;]<\/p>\n<h2>Ring mig op<\/h2>\n<p><div class=\"frm_forms  with_frm_style frm_style_formidable-style\" id=\"frm_form_2_container\" >\n<form enctype=\"multipart\/form-data\" method=\"post\" class=\"frm-show-form \" id=\"form_contact-form\" >\n<div class=\"frm_form_fields \">\n<fieldset>\n<legend class=\"frm_screen_reader\">Let us contact you<\/legend>\r\n\r\n<div class=\"frm_fields_container\">\n<input type=\"hidden\" name=\"frm_action\" value=\"create\" \/>\n<input type=\"hidden\" name=\"form_id\" value=\"2\" \/>\n<input type=\"hidden\" name=\"frm_hide_fields_2\" id=\"frm_hide_fields_2\" value=\"\" \/>\n<input type=\"hidden\" name=\"form_key\" value=\"contact-form\" \/>\n<input type=\"hidden\" name=\"item_meta[0]\" value=\"\" \/>\n<input type=\"hidden\" id=\"frm_submit_entry_2\" name=\"frm_submit_entry_2\" value=\"0103e324f9\" \/><input type=\"hidden\" name=\"_wp_http_referer\" value=\"\/da\/wp-json\/wp\/v2\/pages\/1956\" \/><div id=\"frm_field_7_container\" class=\"frm_form_field form-field  frm_required_field frm_inside_container\">\r\n    <label for=\"field_ocfup12\" class=\"frm_primary_label\">Name*\r\n        <span class=\"frm_required\"><\/span>\r\n    <\/label>\r\n    <input type=\"text\" id=\"field_ocfup12\" name=\"item_meta[7]\" value=\"\"  data-reqmsg=\"Name* cannot be blank.\" aria-required=\"true\" data-invmsg=\"Last is invalid\" aria-invalid=\"false\"  \/>\r\n    \r\n    \r\n<\/div>\n<div id=\"frm_field_6_container\" class=\"frm_form_field form-field  frm_required_field frm_inside_container\">\r\n    <label for=\"field_qh4icy2\" class=\"frm_primary_label\">Company*\r\n        <span class=\"frm_required\"><\/span>\r\n    <\/label>\r\n    <input type=\"text\" id=\"field_qh4icy2\" name=\"item_meta[6]\" value=\"\"  data-reqmsg=\"Company* cannot be blank.\" aria-required=\"true\" data-invmsg=\"Name is invalid\" aria-invalid=\"false\"  \/>\r\n    \r\n    \r\n<\/div>\n<div id=\"frm_field_68_container\" class=\"frm_form_field form-field  frm_required_field frm_inside_container\">\r\n    <label for=\"field_6ye0b\" id=\"field_6ye0b_label\" class=\"frm_primary_label\">Phone*\r\n        <span class=\"frm_required\">*<\/span>\r\n    <\/label>\r\n    <input type=\"tel\" id=\"field_6ye0b\" name=\"item_meta[68]\" value=\"\"  data-reqmsg=\"Phone* cannot be blank.\" aria-required=\"true\" data-invmsg=\"Phone is invalid\" aria-invalid=\"false\" pattern=\"((\\+\\d{1,3}(-|.| )?\\(?\\d\\)?(-| |.)?\\d{1,5})|(\\(?\\d{2,6}\\)?))(-|.| )?(\\d{3,4})(-|.| )?(\\d{4})(( x| ext)\\d{1,5}){0,1}$\"  \/>\r\n    \r\n    \r\n<\/div>\n<div id=\"frm_field_67_container\" class=\"frm_form_field form-field  frm_required_field frm_inside_container\">\r\n    <label for=\"field_8kq2o\" class=\"frm_primary_label\">Email*\r\n        <span class=\"frm_required\"><\/span>\r\n    <\/label>\r\n    <input type=\"email\" id=\"field_8kq2o\" name=\"item_meta[67]\" value=\"\"  data-reqmsg=\"Email* cannot be blank.\" aria-required=\"true\" data-invmsg=\"Please enter a valid email address\" aria-invalid=\"false\"  \/>\r\n    \r\n    \r\n<\/div>\n<div id=\"frm_field_10_container\" class=\"frm_form_field form-field  frm_required_field frm_inside_container frm_full\">\r\n    <label for=\"field_9jv0r12\" class=\"frm_primary_label\">Message*\r\n        <span class=\"frm_required\"><\/span>\r\n    <\/label>\r\n    <textarea name=\"item_meta[10]\" id=\"field_9jv0r12\" rows=\"5\"  data-reqmsg=\"Message* cannot be blank.\" aria-required=\"true\" data-invmsg=\"Message* er ugyldig\" aria-invalid=\"false\"  ><\/textarea>\r\n    \r\n    \r\n<\/div>\n<div id=\"frm_field_81_container\" class=\"frm_form_field form-field \">\n\t<div class=\"frm_submit\">\r\n\r\n<button class=\"frm_button_submit\" type=\"submit\"  >Send<\/button>\r\n\r\n<\/div>\n<\/div>\n\t<input type=\"hidden\" name=\"item_key\" value=\"\" \/>\n\t\t\t<div id=\"frm_field_82_container\">\n\t\t\t<label for=\"field_r565m\" >\n\t\t\t\tHvis du er et menneske, skal du lade dette felt v\u00e6re tomt.\t\t\t<\/label>\n\t\t\t<input  id=\"field_r565m\" type=\"text\" class=\"frm_form_field form-field frm_verify\" name=\"item_meta[82]\" value=\"\"  \/>\n\t\t<\/div>\n\t\t<input name=\"frm_state\" type=\"hidden\" value=\"3alAJPksnawxsjvruhuQcfNVaQLCEYyTie9HCCu+Fk4=\" \/><\/div>\n<\/fieldset>\n<\/div>\n\n<p style=\"display: none !important;\" class=\"akismet-fields-container\" data-prefix=\"ak_\"><label>&#916;<textarea name=\"ak_hp_textarea\" cols=\"45\" rows=\"8\" maxlength=\"100\"><\/textarea><\/label><input type=\"hidden\" id=\"ak_js_1\" name=\"ak_js\" value=\"220\"\/><script type=\"text\/javascript\">\n\/* <![CDATA[ *\/\ndocument.getElementById( \"ak_js_1\" ).setAttribute( \"value\", ( new Date() ).getTime() );\n\/* ]]> *\/\n<\/script>\n<\/p><\/form>\n<\/div>\n[\/et_pb_text][\/et_pb_column][\/et_pb_section][et_pb_section fb_built=&#8221;1&#8243; specialty=&#8221;on&#8221; padding_right_2=&#8221;5vw&#8221; padding_left_2=&#8221;5vw&#8221; padding_left_right_link_2=&#8221;true&#8221; admin_label=&#8221;Header&#8221; _builder_version=&#8221;4.16&#8243; use_background_color_gradient=&#8221;on&#8221; background_color_gradient_stops=&#8221;rgba(39,45,55,0.55) 0%|rgba(39,45,55,0) 100%&#8221; background_color_gradient_overlays_image=&#8221;on&#8221; background_color_gradient_start=&#8221;rgba(39,45,55,0.55)&#8221; background_color_gradient_end=&#8221;rgba(39,45,55,0)&#8221; background_image=&#8221;https:\/\/certumbusinessconsulting.com\/wp-content\/uploads\/2019\/01\/Homepage-min.jpg&#8221; module_alignment=&#8221;center&#8221; inner_width=&#8221;100%&#8221; inner_max_width=&#8221;100%&#8221; custom_margin=&#8221;30px||&#8221; custom_margin_tablet=&#8221;0px||&#8221; custom_margin_phone=&#8221;&#8221; custom_margin_last_edited=&#8221;on|tablet&#8221; custom_padding=&#8221;0||148px||false|false&#8221; border_color_all=&#8221;#ffffff&#8221; use_custom_width=&#8221;on&#8221; width_unit=&#8221;off&#8221; custom_width_percent=&#8221;100%&#8221; locked=&#8221;off&#8221; global_colors_info=&#8221;{}&#8221;][et_pb_column type=&#8221;1_2&#8243; _builder_version=&#8221;4.16&#8243; custom_padding=&#8221;|||&#8221; global_colors_info=&#8221;{}&#8221; custom_padding__hover=&#8221;|||&#8221;][et_pb_text _builder_version=&#8221;4.16&#8243; text_font=&#8221;Open Sans|600|||||||&#8221; text_text_color=&#8221;#ffffff&#8221; text_line_height=&#8221;1.3em&#8221; header_font=&#8221;Open Sans|100|||||||&#8221; header_font_size=&#8221;5vw&#8221; header_line_height=&#8221;1.4em&#8221; header_4_font=&#8221;Open Sans||||||||&#8221; header_4_text_color=&#8221;#ffffff&#8221; header_4_font_size=&#8221;24px&#8221; header_5_font=&#8221;Open Sans||||||||&#8221; header_5_text_color=&#8221;rgba(255,255,255,0.49)&#8221; header_5_font_size=&#8221;14px&#8221; header_5_line_height=&#8221;2.3em&#8221; background_color=&#8221;#065f9e&#8221; module_alignment=&#8221;left&#8221; custom_margin=&#8221;94px||-60px|&#8221; custom_margin_tablet=&#8221;&#8221; custom_margin_phone=&#8221;&#8221; custom_margin_last_edited=&#8221;on|desktop&#8221; custom_padding=&#8221;17px|14px|1px|50px&#8221; custom_padding_tablet=&#8221;40px|5vw|40px|5vw|true|true&#8221; custom_padding_phone=&#8221;&#8221; custom_padding_last_edited=&#8221;on|desktop&#8221; header_font_size_tablet=&#8221;55px&#8221; header_font_size_phone=&#8221;35px&#8221; header_font_size_last_edited=&#8221;on|phone&#8221; header_4_font_size_tablet=&#8221;20px&#8221; header_4_font_size_phone=&#8221;18px&#8221; header_4_font_size_last_edited=&#8221;on|phone&#8221; locked=&#8221;off&#8221; global_colors_info=&#8221;{}&#8221;]<\/p>\n<h4>Om Certum Business Consulting<\/h4>\n<p>Certum Business Consultings partnere har mere end 25 \u00e5rs erfaring med r\u00e5dgivning, handel med virksomheder, \u00f8konomistyring, regnskab og revision i big4 firmaer samt corporate advisory services.<\/p>\n<h5><a href=\"https:\/\/certumbusinessconsulting.com\/about\">L\u00e6s mere<\/a><\/h5>\n<p>[\/et_pb_text][\/et_pb_column][et_pb_column type=&#8221;1_2&#8243; specialty_columns=&#8221;2&#8243; _builder_version=&#8221;4.16&#8243; custom_padding=&#8221;|||&#8221; global_colors_info=&#8221;{}&#8221; custom_padding__hover=&#8221;|||&#8221;][\/et_pb_column][\/et_pb_section][et_pb_section fb_built=&#8221;1&#8243; _builder_version=&#8221;4.16&#8243; custom_padding=&#8221;0|0px|0|0px|false|false&#8221; locked=&#8221;off&#8221; global_colors_info=&#8221;{}&#8221; global_module=&#8221;2468&#8243; theme_builder_area=&#8221;post_content&#8221;][et_pb_row column_structure=&#8221;1_2,1_2&#8243; _builder_version=&#8221;4.16&#8243; width=&#8221;100%&#8221; max_width=&#8221;100%&#8221; custom_padding=&#8221;27px|17px|27px|0px|false|false&#8221; use_custom_width=&#8221;on&#8221; width_unit=&#8221;off&#8221; custom_width_percent=&#8221;100%&#8221; locked=&#8221;off&#8221; global_colors_info=&#8221;{}&#8221; theme_builder_area=&#8221;post_content&#8221;][et_pb_column type=&#8221;1_2&#8243; _builder_version=&#8221;4.16&#8243; custom_padding=&#8221;|||&#8221; global_colors_info=&#8221;{}&#8221; custom_padding__hover=&#8221;|||&#8221; theme_builder_area=&#8221;post_content&#8221;][et_pb_social_media_follow follow_button=&#8221;on&#8221; _builder_version=&#8221;4.16&#8243; text_orientation=&#8221;left&#8221; custom_margin=&#8221;24px||&#8221; custom_padding=&#8221;|||169px&#8221; custom_padding_tablet=&#8221;|||369px&#8221; custom_padding_phone=&#8221;|||209px&#8221; custom_padding_last_edited=&#8221;on|tablet&#8221; global_colors_info=&#8221;{}&#8221; theme_builder_area=&#8221;post_content&#8221;][et_pb_social_media_follow_network social_network=&#8221;linkedin&#8221; _builder_version=&#8221;4.16&#8243; background_color=&#8221;#065f9e&#8221; custom_margin=&#8221;||0px&#8221; custom_padding=&#8221;||0px&#8221; global_colors_info=&#8221;{}&#8221; theme_builder_area=&#8221;post_content&#8221; follow_button=&#8221;on&#8221; url_new_window=&#8221;on&#8221;]linkedin[\/et_pb_social_media_follow_network][\/et_pb_social_media_follow][\/et_pb_column][et_pb_column type=&#8221;1_2&#8243; _builder_version=&#8221;4.16&#8243; custom_padding=&#8221;|||&#8221; global_colors_info=&#8221;{}&#8221; custom_padding__hover=&#8221;|||&#8221; theme_builder_area=&#8221;post_content&#8221;][et_pb_image src=&#8221;https:\/\/certumbusinessconsulting.com\/wp-content\/uploads\/2019\/01\/logo.png&#8221; align=&#8221;right&#8221; _builder_version=&#8221;4.16&#8243; custom_margin=&#8221;||10px&#8221; custom_margin_tablet=&#8221;&#8221; custom_margin_phone=&#8221;&#8221; custom_margin_last_edited=&#8221;on|desktop&#8221; custom_padding_tablet=&#8221;|27px||&#8221; custom_padding_phone=&#8221;|0px||&#8221; custom_padding_last_edited=&#8221;on|desktop&#8221; always_center_on_mobile=&#8221;off&#8221; global_colors_info=&#8221;{}&#8221; theme_builder_area=&#8221;post_content&#8221;][\/et_pb_image][et_pb_text _builder_version=&#8221;4.16&#8243; text_font=&#8221;Open Sans||||||||&#8221; text_text_color=&#8221;rgba(0,0,0,0.43)&#8221; text_orientation=&#8221;right&#8221; custom_margin=&#8221;|0px||-25px&#8221; custom_margin_tablet=&#8221;|||-13px&#8221; custom_margin_phone=&#8221;&#8221; custom_margin_last_edited=&#8221;on|tablet&#8221; custom_padding=&#8221;|12px||&#8221; custom_padding_tablet=&#8221;|40px||&#8221; custom_padding_phone=&#8221;|0px||45px&#8221; custom_padding_last_edited=&#8221;on|desktop&#8221; global_colors_info=&#8221;{}&#8221; theme_builder_area=&#8221;post_content&#8221;]<\/p>\n<p><a href=\"https:\/\/certumbusinessconsulting.com\/da\/\">Forside<\/a> | <a href=\"https:\/\/certumbusinessconsulting.com\/da\/raadgivningsydelser\/radgivning-om-virksomhedshandler\/\">Ydelser<\/a> | <a href=\"https:\/\/certumbusinessconsulting.com\/da\/om-certum-business-consulting\/\">Om Certum<\/a> | <a href=\"https:\/\/certumbusinessconsulting.com\/da\/referencer\/\">Referencer<\/a> | <a href=\"https:\/\/certumbusinessconsulting.com\/da\/kontakt\/\">Kontakt<\/a> | <a href=\"https:\/\/certumbusinessconsulting.com\/da\/juridisk-ansvarsfraskrivelse\/\">Juridisk ansvarsfraskrivelse<\/a> | <a href=\"https:\/\/certumbusinessconsulting.com\/da\/fortrolighed\/\">Fortrolighed<\/a><\/p>\n<p>[\/et_pb_text][et_pb_text _builder_version=&#8221;4.17.3&#8243; text_font=&#8221;Open Sans||||||||&#8221; text_text_color=&#8221;rgba(0,0,0,0.22)&#8221; text_orientation=&#8221;right&#8221; custom_margin=&#8221;-31px||&#8221; custom_margin_tablet=&#8221;&#8221; custom_margin_phone=&#8221;&#8221; custom_margin_last_edited=&#8221;on|desktop&#8221; custom_padding=&#8221;|14px||&#8221; custom_padding_tablet=&#8221;|38px||&#8221; custom_padding_phone=&#8221;|||30px&#8221; custom_padding_last_edited=&#8221;on|desktop&#8221; global_colors_info=&#8221;{}&#8221; theme_builder_area=&#8221;post_content&#8221;]<\/p>\n<p>Copyright \u00a9 2012-2022 Certum Business Consulting<\/p>\n<p>[\/et_pb_text][\/et_pb_column][\/et_pb_row][\/et_pb_section]<\/p>\n","protected":false},"excerpt":{"rendered":"<p>Privacy PolicyPersondata, der modtages af Certum Business Consulting, behandles fortroligt og bliver ikke i nogen form solgt, viderebragt eller videregivet til nogen tredjepart, medmindre det er kr\u00e6vet af lovgivningen. Certum Business Consulting anvender Google Analytics til analyse af trafikken p\u00e5 hjemmesiden med henblik p\u00e5 at forbedre og optimere denne. Tilsvarende andre serviceleverand\u00f8rer anvender Google Analytics [&hellip;]<\/p>\n","protected":false},"author":1,"featured_media":0,"parent":0,"menu_order":0,"comment_status":"closed","ping_status":"closed","template":"","meta":{"_et_pb_use_builder":"on","_et_pb_old_content":"","_et_gb_content_width":"","footnotes":""},"class_list":["post-1956","page","type-page","status-publish","hentry"],"_links":{"self":[{"href":"https:\/\/certumbusinessconsulting.com\/da\/wp-json\/wp\/v2\/pages\/1956","targetHints":{"allow":["GET"]}}],"collection":[{"href":"https:\/\/certumbusinessconsulting.com\/da\/wp-json\/wp\/v2\/pages"}],"about":[{"href":"https:\/\/certumbusinessconsulting.com\/da\/wp-json\/wp\/v2\/types\/page"}],"author":[{"embeddable":true,"href":"https:\/\/certumbusinessconsulting.com\/da\/wp-json\/wp\/v2\/users\/1"}],"replies":[{"embeddable":true,"href":"https:\/\/certumbusinessconsulting.com\/da\/wp-json\/wp\/v2\/comments?post=1956"}],"version-history":[{"count":3,"href":"https:\/\/certumbusinessconsulting.com\/da\/wp-json\/wp\/v2\/pages\/1956\/revisions"}],"predecessor-version":[{"id":2472,"href":"https:\/\/certumbusinessconsulting.com\/da\/wp-json\/wp\/v2\/pages\/1956\/revisions\/2472"}],"wp:attachment":[{"href":"https:\/\/certumbusinessconsulting.com\/da\/wp-json\/wp\/v2\/media?parent=1956"}],"curies":[{"name":"wp","href":"https:\/\/api.w.org\/{rel}","templated":true}]}}